{"id":549,"date":"2024-01-21T11:21:31","date_gmt":"2024-01-21T10:21:31","guid":{"rendered":"https:\/\/www.photoclub-verson.fr\/wordpress\/?page_id=549"},"modified":"2024-01-29T17:22:58","modified_gmt":"2024-01-29T16:22:58","slug":"darktable","status":"publish","type":"page","link":"https:\/\/www.photoclub-verson.fr\/wordpress\/activites\/developpement\/darktable\/","title":{"rendered":"Darktable"},"content":{"rendered":"\n<p>R\u00e9f\u00e9rent : <strong>Laurent D\u00c9R\u00c9DEC<\/strong><\/p>\n","protected":false},"excerpt":{"rendered":"<p>R\u00e9f\u00e9rent : Laurent D\u00c9R\u00c9DEC<\/p>\n","protected":false},"author":6,"featured_media":553,"parent":410,"menu_order":0,"comment_status":"closed","ping_status":"closed","template":"","meta":{"footnotes":""},"class_list":["post-549","page","type-page","status-publish","has-post-thumbnail","hentry"],"_links":{"self":[{"href":"https:\/\/www.photoclub-verson.fr\/wordpress\/wp-json\/wp\/v2\/pages\/549","targetHints":{"allow":["GET"]}}],"collection":[{"href":"https:\/\/www.photoclub-verson.fr\/wordpress\/wp-json\/wp\/v2\/pages"}],"about":[{"href":"https:\/\/www.photoclub-verson.fr\/wordpress\/wp-json\/wp\/v2\/types\/page"}],"author":[{"embeddable":true,"href":"https:\/\/www.photoclub-verson.fr\/wordpress\/wp-json\/wp\/v2\/users\/6"}],"replies":[{"embeddable":true,"href":"https:\/\/www.photoclub-verson.fr\/wordpress\/wp-json\/wp\/v2\/comments?post=549"}],"version-history":[{"count":3,"href":"https:\/\/www.photoclub-verson.fr\/wordpress\/wp-json\/wp\/v2\/pages\/549\/revisions"}],"predecessor-version":[{"id":652,"href":"https:\/\/www.photoclub-verson.fr\/wordpress\/wp-json\/wp\/v2\/pages\/549\/revisions\/652"}],"up":[{"embeddable":true,"href":"https:\/\/www.photoclub-verson.fr\/wordpress\/wp-json\/wp\/v2\/pages\/410"}],"wp:featuredmedia":[{"embeddable":true,"href":"https:\/\/www.photoclub-verson.fr\/wordpress\/wp-json\/wp\/v2\/media\/553"}],"wp:attachment":[{"href":"https:\/\/www.photoclub-verson.fr\/wordpress\/wp-json\/wp\/v2\/media?parent=549"}],"curies":[{"name":"wp","href":"https:\/\/api.w.org\/{rel}","templated":true}]}}