{"id":398,"date":"2024-01-19T11:55:26","date_gmt":"2024-01-19T10:55:26","guid":{"rendered":"https:\/\/www.photoclub-verson.fr\/wordpress\/?page_id=398"},"modified":"2024-01-29T17:28:30","modified_gmt":"2024-01-29T16:28:30","slug":"nuit","status":"publish","type":"page","link":"https:\/\/www.photoclub-verson.fr\/wordpress\/activites\/nuit\/","title":{"rendered":"Nuit"},"content":{"rendered":"\n<p>R\u00e9f\u00e9rent : <strong>Laurent D\u00c9R\u00c9DEC<\/strong><\/p>\n\n\n\n<p>Page principale de l&rsquo;activit\u00e9 \u00ab\u00a0Nuit\u00a0\u00bb<\/p>\n","protected":false},"excerpt":{"rendered":"<p>R\u00e9f\u00e9rent : Laurent D\u00c9R\u00c9DEC Page principale de l&rsquo;activit\u00e9 \u00ab\u00a0Nuit\u00a0\u00bb<\/p>\n","protected":false},"author":2,"featured_media":0,"parent":367,"menu_order":0,"comment_status":"closed","ping_status":"closed","template":"","meta":{"footnotes":""},"class_list":["post-398","page","type-page","status-publish","hentry"],"_links":{"self":[{"href":"https:\/\/www.photoclub-verson.fr\/wordpress\/wp-json\/wp\/v2\/pages\/398","targetHints":{"allow":["GET"]}}],"collection":[{"href":"https:\/\/www.photoclub-verson.fr\/wordpress\/wp-json\/wp\/v2\/pages"}],"about":[{"href":"https:\/\/www.photoclub-verson.fr\/wordpress\/wp-json\/wp\/v2\/types\/page"}],"author":[{"embeddable":true,"href":"https:\/\/www.photoclub-verson.fr\/wordpress\/wp-json\/wp\/v2\/users\/2"}],"replies":[{"embeddable":true,"href":"https:\/\/www.photoclub-verson.fr\/wordpress\/wp-json\/wp\/v2\/comments?post=398"}],"version-history":[{"count":5,"href":"https:\/\/www.photoclub-verson.fr\/wordpress\/wp-json\/wp\/v2\/pages\/398\/revisions"}],"predecessor-version":[{"id":655,"href":"https:\/\/www.photoclub-verson.fr\/wordpress\/wp-json\/wp\/v2\/pages\/398\/revisions\/655"}],"up":[{"embeddable":true,"href":"https:\/\/www.photoclub-verson.fr\/wordpress\/wp-json\/wp\/v2\/pages\/367"}],"wp:attachment":[{"href":"https:\/\/www.photoclub-verson.fr\/wordpress\/wp-json\/wp\/v2\/media?parent=398"}],"curies":[{"name":"wp","href":"https:\/\/api.w.org\/{rel}","templated":true}]}}