{"id":381,"date":"2024-01-19T11:31:14","date_gmt":"2024-01-19T10:31:14","guid":{"rendered":"https:\/\/www.photoclub-verson.fr\/wordpress\/?page_id=381"},"modified":"2025-11-05T15:41:39","modified_gmt":"2025-11-05T14:41:39","slug":"nature","status":"publish","type":"page","link":"https:\/\/www.photoclub-verson.fr\/wordpress\/activites\/nature\/","title":{"rendered":"Nature"},"content":{"rendered":"\n<p>R\u00e9f\u00e9rent : <strong>Daniel GARAUD<\/strong><\/p>\n\n\n\n<p class=\"has-text-align-center\"><strong>Vous aimez la Nature, la flore, la faune, les min\u00e9raux, les paysages ? Le groupe nature propose une r\u00e9union mensuelle pour \u00e9changer, apprendre, partager et proposer des sorties<\/strong>.<\/p>\n\n\n\n<p><\/p>\n\n\n\n<!-- Page-list plugin v.5.9 wordpress.org\/plugins\/page-list\/ -->\n<!-- no pages to show -->\n\n\n<figure class=\"wp-block-gallery has-nested-images columns-default is-cropped wp-block-gallery-1 is-layout-flex wp-block-gallery-is-layout-flex\"><\/figure>\n\n\n\n<p><\/p>\n","protected":false},"excerpt":{"rendered":"<p>R\u00e9f\u00e9rent : Daniel GARAUD Vous aimez la Nature, la flore, la faune, les min\u00e9raux, les paysages ? Le groupe nature propose une r\u00e9union mensuelle pour \u00e9changer, apprendre, partager et proposer des sorties.<\/p>\n","protected":false},"author":2,"featured_media":606,"parent":367,"menu_order":0,"comment_status":"closed","ping_status":"closed","template":"","meta":{"footnotes":""},"class_list":["post-381","page","type-page","status-publish","has-post-thumbnail","hentry"],"_links":{"self":[{"href":"https:\/\/www.photoclub-verson.fr\/wordpress\/wp-json\/wp\/v2\/pages\/381","targetHints":{"allow":["GET"]}}],"collection":[{"href":"https:\/\/www.photoclub-verson.fr\/wordpress\/wp-json\/wp\/v2\/pages"}],"about":[{"href":"https:\/\/www.photoclub-verson.fr\/wordpress\/wp-json\/wp\/v2\/types\/page"}],"author":[{"embeddable":true,"href":"https:\/\/www.photoclub-verson.fr\/wordpress\/wp-json\/wp\/v2\/users\/2"}],"replies":[{"embeddable":true,"href":"https:\/\/www.photoclub-verson.fr\/wordpress\/wp-json\/wp\/v2\/comments?post=381"}],"version-history":[{"count":17,"href":"https:\/\/www.photoclub-verson.fr\/wordpress\/wp-json\/wp\/v2\/pages\/381\/revisions"}],"predecessor-version":[{"id":1036,"href":"https:\/\/www.photoclub-verson.fr\/wordpress\/wp-json\/wp\/v2\/pages\/381\/revisions\/1036"}],"up":[{"embeddable":true,"href":"https:\/\/www.photoclub-verson.fr\/wordpress\/wp-json\/wp\/v2\/pages\/367"}],"wp:featuredmedia":[{"embeddable":true,"href":"https:\/\/www.photoclub-verson.fr\/wordpress\/wp-json\/wp\/v2\/media\/606"}],"wp:attachment":[{"href":"https:\/\/www.photoclub-verson.fr\/wordpress\/wp-json\/wp\/v2\/media?parent=381"}],"curies":[{"name":"wp","href":"https:\/\/api.w.org\/{rel}","templated":true}]}}