{"id":1126,"date":"2026-04-12T21:01:15","date_gmt":"2026-04-12T19:01:15","guid":{"rendered":"https:\/\/www.photoclub-verson.fr\/wordpress\/?page_id=1126"},"modified":"2026-04-12T21:44:06","modified_gmt":"2026-04-12T19:44:06","slug":"tutoriels-et-modes-demploi","status":"publish","type":"page","link":"https:\/\/www.photoclub-verson.fr\/wordpress\/tutoriels-et-modes-demploi\/","title":{"rendered":"Tutoriels et Modes d&#8217;emploi"},"content":{"rendered":"\n<p>Dans cette page, vous trouverez des tutoriels, des \u00ab\u00a0modes d&#8217;emplois\u00a0\u00bb sur tout ce qui touche \u00e0 la technique, aux mat\u00e9riels utiles en photographie. <\/p>\n\n\n\n<p>N&rsquo;h\u00e9sitez pas \u00e0 en proposer au bureau du club pour qu&rsquo;ils soient ajout\u00e9s !<\/p>\n\n\n\n<div class=\"wp-block-file\"><a id=\"wp-block-file--media-fa290934-ed4b-485c-a383-0213474f8f5c\" href=\"https:\/\/www.photoclub-verson.fr\/wordpress\/wp-content\/uploads\/2026\/04\/Focus-stacking-2.docx\">Focus stacking<\/a><a href=\"https:\/\/www.photoclub-verson.fr\/wordpress\/wp-content\/uploads\/2026\/04\/Focus-stacking-2.docx\" class=\"wp-block-file__button wp-element-button\" download aria-describedby=\"wp-block-file--media-fa290934-ed4b-485c-a383-0213474f8f5c\">T\u00e9l\u00e9charger<\/a><\/div>\n","protected":false},"excerpt":{"rendered":"<p>Dans cette page, vous trouverez des tutoriels, des \u00ab\u00a0modes d&#8217;emplois\u00a0\u00bb sur tout ce qui touche \u00e0 la technique, aux mat\u00e9riels utiles en photographie. N&rsquo;h\u00e9sitez pas \u00e0 en proposer au bureau du club pour qu&rsquo;ils soient ajout\u00e9s !<\/p>\n","protected":false},"author":4,"featured_media":0,"parent":0,"menu_order":1,"comment_status":"closed","ping_status":"closed","template":"","meta":{"footnotes":""},"class_list":["post-1126","page","type-page","status-publish","hentry"],"_links":{"self":[{"href":"https:\/\/www.photoclub-verson.fr\/wordpress\/wp-json\/wp\/v2\/pages\/1126","targetHints":{"allow":["GET"]}}],"collection":[{"href":"https:\/\/www.photoclub-verson.fr\/wordpress\/wp-json\/wp\/v2\/pages"}],"about":[{"href":"https:\/\/www.photoclub-verson.fr\/wordpress\/wp-json\/wp\/v2\/types\/page"}],"author":[{"embeddable":true,"href":"https:\/\/www.photoclub-verson.fr\/wordpress\/wp-json\/wp\/v2\/users\/4"}],"replies":[{"embeddable":true,"href":"https:\/\/www.photoclub-verson.fr\/wordpress\/wp-json\/wp\/v2\/comments?post=1126"}],"version-history":[{"count":6,"href":"https:\/\/www.photoclub-verson.fr\/wordpress\/wp-json\/wp\/v2\/pages\/1126\/revisions"}],"predecessor-version":[{"id":1139,"href":"https:\/\/www.photoclub-verson.fr\/wordpress\/wp-json\/wp\/v2\/pages\/1126\/revisions\/1139"}],"wp:attachment":[{"href":"https:\/\/www.photoclub-verson.fr\/wordpress\/wp-json\/wp\/v2\/media?parent=1126"}],"curies":[{"name":"wp","href":"https:\/\/api.w.org\/{rel}","templated":true}]}}