{"id":1034,"date":"2025-11-05T15:39:47","date_gmt":"2025-11-05T14:39:47","guid":{"rendered":"https:\/\/www.photoclub-verson.fr\/wordpress\/?page_id=1034"},"modified":"2025-11-05T15:44:37","modified_gmt":"2025-11-05T14:44:37","slug":"atelier-eclairage-nature","status":"publish","type":"page","link":"https:\/\/www.photoclub-verson.fr\/wordpress\/activites\/nature\/atelier-eclairage-nature\/","title":{"rendered":"ATELIER \u00ab\u00a0\u00c9CLAIRAGE NATURE\u00a0\u00bb"},"content":{"rendered":"<div class=\"members-access-error\">D\u00e9sol\u00e9, vous n&rsquo;\u00eates pas autoris\u00e9 \u00e0 voir ce contenu.<br \/>\n<BR>Merci de vous connecter avec votre compte sur le site.<\/div>\n","protected":false},"excerpt":{"rendered":"<div class=\"members-access-error\">D\u00e9sol\u00e9, vous n&rsquo;\u00eates pas autoris\u00e9 \u00e0 voir ce contenu.<br \/>\n<BR>Merci de vous connecter avec votre compte sur le site.<\/div>\n","protected":false},"author":4,"featured_media":0,"parent":381,"menu_order":0,"comment_status":"closed","ping_status":"closed","template":"","meta":{"footnotes":""},"class_list":["post-1034","page","type-page","status-publish","hentry"],"_links":{"self":[{"href":"https:\/\/www.photoclub-verson.fr\/wordpress\/wp-json\/wp\/v2\/pages\/1034","targetHints":{"allow":["GET"]}}],"collection":[{"href":"https:\/\/www.photoclub-verson.fr\/wordpress\/wp-json\/wp\/v2\/pages"}],"about":[{"href":"https:\/\/www.photoclub-verson.fr\/wordpress\/wp-json\/wp\/v2\/types\/page"}],"author":[{"embeddable":true,"href":"https:\/\/www.photoclub-verson.fr\/wordpress\/wp-json\/wp\/v2\/users\/4"}],"replies":[{"embeddable":true,"href":"https:\/\/www.photoclub-verson.fr\/wordpress\/wp-json\/wp\/v2\/comments?post=1034"}],"version-history":[{"count":1,"href":"https:\/\/www.photoclub-verson.fr\/wordpress\/wp-json\/wp\/v2\/pages\/1034\/revisions"}],"predecessor-version":[{"id":1035,"href":"https:\/\/www.photoclub-verson.fr\/wordpress\/wp-json\/wp\/v2\/pages\/1034\/revisions\/1035"}],"up":[{"embeddable":true,"href":"https:\/\/www.photoclub-verson.fr\/wordpress\/wp-json\/wp\/v2\/pages\/381"}],"wp:attachment":[{"href":"https:\/\/www.photoclub-verson.fr\/wordpress\/wp-json\/wp\/v2\/media?parent=1034"}],"curies":[{"name":"wp","href":"https:\/\/api.w.org\/{rel}","templated":true}]}}